{"id":407,"date":"2021-03-12T10:11:13","date_gmt":"2021-03-12T10:11:13","guid":{"rendered":"http:\/\/servisfrizidera.rs\/?page_id=407"},"modified":"2021-03-12T14:33:46","modified_gmt":"2021-03-12T14:33:46","slug":"servis-zamrzivaca","status":"publish","type":"page","link":"http:\/\/servisfrizidera.rs\/?page_id=407","title":{"rendered":"Servis zamrziva\u010da"},"content":{"rendered":"\t\t<div data-elementor-type=\"wp-page\" data-elementor-id=\"407\" class=\"elementor elementor-407\" data-elementor-settings=\"[]\">\n\t\t\t\t\t\t\t<div class=\"elementor-section-wrap\">\n\t\t\t\t\t\t\t<section class=\"elementor-section elementor-top-section elementor-element elementor-element-bf0cba8 elementor-section-stretched elementor-section-boxed elementor-section-height-default elementor-section-height-default\" data-id=\"bf0cba8\" data-element_type=\"section\" data-settings=\"{&quot;stretch_section&quot;:&quot;section-stretched&quot;,&quot;background_background&quot;:&quot;classic&quot;}\">\n\t\t\t\t\t\t<div class=\"elementor-container elementor-column-gap-default\">\n\t\t\t\t\t<div class=\"elementor-column elementor-col-100 elementor-top-column elementor-element elementor-element-09e431b\" data-id=\"09e431b\" data-element_type=\"column\">\n\t\t\t<div class=\"elementor-widget-wrap elementor-element-populated\">\n\t\t\t\t\t\t\t\t<div class=\"elementor-element elementor-element-7f9d622 elementor-widget elementor-widget-heading\" data-id=\"7f9d622\" data-element_type=\"widget\" data-widget_type=\"heading.default\">\n\t\t\t\t<div class=\"elementor-widget-container\">\n\t\t\t<h1 class=\"elementor-heading-title elementor-size-default\">Servis zamrziva\u010da Beograd<\/h1>\t\t<\/div>\n\t\t\t\t<\/div>\n\t\t\t\t<div class=\"elementor-element elementor-element-9e0b99a elementor-widget elementor-widget-heading\" data-id=\"9e0b99a\" data-element_type=\"widget\" data-widget_type=\"heading.default\">\n\t\t\t\t<div class=\"elementor-widget-container\">\n\t\t\t<h2 class=\"elementor-heading-title elementor-size-default\">Ako vam je potreban dobar, brz i efikasan servis zamrziva\u010da u Beogradu, pozovite nas!\n\n<\/h2>\t\t<\/div>\n\t\t\t\t<\/div>\n\t\t\t\t\t<\/div>\n\t\t<\/div>\n\t\t\t\t\t\t\t<\/div>\n\t\t<\/section>\n\t\t\t\t<section class=\"elementor-section elementor-top-section elementor-element elementor-element-b59b1fc elementor-section-boxed elementor-section-height-default elementor-section-height-default\" data-id=\"b59b1fc\" data-element_type=\"section\">\n\t\t\t\t\t\t<div class=\"elementor-container elementor-column-gap-default\">\n\t\t\t\t\t<div class=\"elementor-column elementor-col-33 elementor-top-column elementor-element elementor-element-37b2160\" data-id=\"37b2160\" data-element_type=\"column\">\n\t\t\t<div class=\"elementor-widget-wrap elementor-element-populated\">\n\t\t\t\t\t\t\t\t<div class=\"elementor-element elementor-element-84a0480 elementor-view-default elementor-position-top elementor-vertical-align-top elementor-widget elementor-widget-icon-box\" data-id=\"84a0480\" data-element_type=\"widget\" data-widget_type=\"icon-box.default\">\n\t\t\t\t<div class=\"elementor-widget-container\">\n\t\t\t\t\t<div class=\"elementor-icon-box-wrapper\">\n\t\t\t\t\t\t<div class=\"elementor-icon-box-icon\">\n\t\t\t\t<span class=\"elementor-icon elementor-animation-\" >\n\t\t\t\t<i aria-hidden=\"true\" class=\"fas fa-tools\"><\/i>\t\t\t\t<\/span>\n\t\t\t<\/div>\n\t\t\t\t\t\t<div class=\"elementor-icon-box-content\">\n\t\t\t\t<h3 class=\"elementor-icon-box-title\">\n\t\t\t\t\t<span >Servis zamrziva\u010da<\/span>\n\t\t\t\t<\/h3>\n\t\t\t\t\t\t\t\t<p class=\"elementor-icon-box-description\">Servis zamrziva\u010da vr\u0161i servisiranje svih modela zamrziva\u010da -otkloi\u0107emo svaki kvar sa va\u0161eg zamrziva\u010da. Vr\u0161imo i servisiranje klima ure\u0111aja.<\/p>\n\t\t\t\t\t\t\t<\/div>\n\t\t<\/div>\n\t\t\t\t<\/div>\n\t\t\t\t<\/div>\n\t\t\t\t\t<\/div>\n\t\t<\/div>\n\t\t\t\t<div class=\"elementor-column elementor-col-33 elementor-top-column elementor-element elementor-element-aaea6a5\" data-id=\"aaea6a5\" data-element_type=\"column\">\n\t\t\t<div class=\"elementor-widget-wrap elementor-element-populated\">\n\t\t\t\t\t\t\t\t<div class=\"elementor-element elementor-element-06e87be elementor-view-default elementor-position-top elementor-vertical-align-top elementor-widget elementor-widget-icon-box\" data-id=\"06e87be\" data-element_type=\"widget\" data-widget_type=\"icon-box.default\">\n\t\t\t\t<div class=\"elementor-widget-container\">\n\t\t\t\t\t<div class=\"elementor-icon-box-wrapper\">\n\t\t\t\t\t\t<div class=\"elementor-icon-box-icon\">\n\t\t\t\t<span class=\"elementor-icon elementor-animation-\" >\n\t\t\t\t<i aria-hidden=\"true\" class=\"fas fa-map-marker-alt\"><\/i>\t\t\t\t<\/span>\n\t\t\t<\/div>\n\t\t\t\t\t\t<div class=\"elementor-icon-box-content\">\n\t\t\t\t<h3 class=\"elementor-icon-box-title\">\n\t\t\t\t\t<span >Dolazak na adresu istog dana <\/span>\n\t\t\t\t<\/h3>\n\t\t\t\t\t\t\t\t<p class=\"elementor-icon-box-description\">Servis zamrziva\u010da vr\u0161imo na va\u0161oj adresi istog dana ili kada se dogovorimo. Servis zamrziva\u010da vr\u0161imo na teritoriji Beograda i okoline.<\/p>\n\t\t\t\t\t\t\t<\/div>\n\t\t<\/div>\n\t\t\t\t<\/div>\n\t\t\t\t<\/div>\n\t\t\t\t\t<\/div>\n\t\t<\/div>\n\t\t\t\t<div class=\"elementor-column elementor-col-33 elementor-top-column elementor-element elementor-element-babb124\" data-id=\"babb124\" data-element_type=\"column\">\n\t\t\t<div class=\"elementor-widget-wrap elementor-element-populated\">\n\t\t\t\t\t\t\t\t<div class=\"elementor-element elementor-element-aae4ca2 elementor-view-default elementor-position-top elementor-vertical-align-top elementor-widget elementor-widget-icon-box\" data-id=\"aae4ca2\" data-element_type=\"widget\" data-widget_type=\"icon-box.default\">\n\t\t\t\t<div class=\"elementor-widget-container\">\n\t\t\t\t\t<div class=\"elementor-icon-box-wrapper\">\n\t\t\t\t\t\t<div class=\"elementor-icon-box-icon\">\n\t\t\t\t<span class=\"elementor-icon elementor-animation-\" >\n\t\t\t\t<i aria-hidden=\"true\" class=\"fas fa-star\"><\/i>\t\t\t\t<\/span>\n\t\t\t<\/div>\n\t\t\t\t\t\t<div class=\"elementor-icon-box-content\">\n\t\t\t\t<h3 class=\"elementor-icon-box-title\">\n\t\t\t\t\t<span >Veliki lager delova <\/span>\n\t\t\t\t<\/h3>\n\t\t\t\t\t\t\t\t<p class=\"elementor-icon-box-description\">Posedujemo veliki izbor delova za sve vrste rashladne tehnike. Osim novih ugra\u0111ujemo i polovne, originalne delove. Nema\u010dki kvalitet!<\/p>\n\t\t\t\t\t\t\t<\/div>\n\t\t<\/div>\n\t\t\t\t<\/div>\n\t\t\t\t<\/div>\n\t\t\t\t\t<\/div>\n\t\t<\/div>\n\t\t\t\t\t\t\t<\/div>\n\t\t<\/section>\n\t\t\t\t<section class=\"elementor-section elementor-top-section elementor-element elementor-element-ebab9cc elementor-section-stretched elementor-section-boxed elementor-section-height-default elementor-section-height-default\" data-id=\"ebab9cc\" data-element_type=\"section\" data-settings=\"{&quot;background_background&quot;:&quot;classic&quot;,&quot;stretch_section&quot;:&quot;section-stretched&quot;}\">\n\t\t\t\t\t\t<div class=\"elementor-container elementor-column-gap-default\">\n\t\t\t\t\t<div class=\"elementor-column elementor-col-100 elementor-top-column elementor-element elementor-element-70ce28c\" data-id=\"70ce28c\" data-element_type=\"column\">\n\t\t\t<div class=\"elementor-widget-wrap elementor-element-populated\">\n\t\t\t\t\t\t\t\t<div class=\"elementor-element elementor-element-2e7bcb7 elementor-widget elementor-widget-heading\" data-id=\"2e7bcb7\" data-element_type=\"widget\" data-widget_type=\"heading.default\">\n\t\t\t\t<div class=\"elementor-widget-container\">\n\t\t\t<h2 class=\"elementor-heading-title elementor-size-default\">Preko 30 godina iskustva u servisu zamrziva\u010da i uop\u0161te rashladne bele tehnike.<\/h2>\t\t<\/div>\n\t\t\t\t<\/div>\n\t\t\t\t<div class=\"elementor-element elementor-element-63da23b elementor-widget elementor-widget-heading\" data-id=\"63da23b\" data-element_type=\"widget\" data-widget_type=\"heading.default\">\n\t\t\t\t<div class=\"elementor-widget-container\">\n\t\t\t<h3 class=\"elementor-heading-title elementor-size-default\">Garantujemo uspe\u0161nu popravku!<\/h3>\t\t<\/div>\n\t\t\t\t<\/div>\n\t\t\t\t\t<\/div>\n\t\t<\/div>\n\t\t\t\t\t\t\t<\/div>\n\t\t<\/section>\n\t\t\t\t<section class=\"elementor-section elementor-top-section elementor-element elementor-element-69cf202 elementor-section-boxed elementor-section-height-default elementor-section-height-default\" data-id=\"69cf202\" data-element_type=\"section\">\n\t\t\t\t\t\t<div class=\"elementor-container elementor-column-gap-default\">\n\t\t\t\t\t<div class=\"elementor-column elementor-col-100 elementor-top-column elementor-element elementor-element-e497b0d\" data-id=\"e497b0d\" data-element_type=\"column\">\n\t\t\t<div class=\"elementor-widget-wrap elementor-element-populated\">\n\t\t\t\t\t\t\t\t<div class=\"elementor-element elementor-element-d8d3e41 elementor-align-center elementor-icon-list--layout-traditional elementor-list-item-link-full_width elementor-widget elementor-widget-icon-list\" data-id=\"d8d3e41\" data-element_type=\"widget\" data-widget_type=\"icon-list.default\">\n\t\t\t\t<div class=\"elementor-widget-container\">\n\t\t\t\t\t<ul class=\"elementor-icon-list-items\">\n\t\t\t\t\t\t\t<li class=\"elementor-icon-list-item\">\n\t\t\t\t\t\t\t\t\t\t\t<span class=\"elementor-icon-list-icon\">\n\t\t\t\t\t\t\t<i aria-hidden=\"true\" class=\"fas fa-check-double\"><\/i>\t\t\t\t\t\t<\/span>\n\t\t\t\t\t\t\t\t\t\t<span class=\"elementor-icon-list-text\">Pre popravke da\u0107emo vam iskren savet \u0161ta je najbolje za va\u0161 ure\u0111aj<\/span>\n\t\t\t\t\t\t\t\t\t<\/li>\n\t\t\t\t\t\t\t\t<li class=\"elementor-icon-list-item\">\n\t\t\t\t\t\t\t\t\t\t\t<span class=\"elementor-icon-list-icon\">\n\t\t\t\t\t\t\t<i aria-hidden=\"true\" class=\"fas fa-check-double\"><\/i>\t\t\t\t\t\t<\/span>\n\t\t\t\t\t\t\t\t\t\t<span class=\"elementor-icon-list-text\">Ugradi\u0107emo najkvalitetniji deo koji kod nas na tr\u017ei\u0161tu postoji<\/span>\n\t\t\t\t\t\t\t\t\t<\/li>\n\t\t\t\t\t\t\t\t<li class=\"elementor-icon-list-item\">\n\t\t\t\t\t\t\t\t\t\t\t<span class=\"elementor-icon-list-icon\">\n\t\t\t\t\t\t\t<i aria-hidden=\"true\" class=\"fas fa-check-double\"><\/i>\t\t\t\t\t\t<\/span>\n\t\t\t\t\t\t\t\t\t\t<span class=\"elementor-icon-list-text\">Dobi\u0107ete najkorektniju mogu\u0107u cenu <\/span>\n\t\t\t\t\t\t\t\t\t<\/li>\n\t\t\t\t\t\t\t\t<li class=\"elementor-icon-list-item\">\n\t\t\t\t\t\t\t\t\t\t\t<span class=\"elementor-icon-list-icon\">\n\t\t\t\t\t\t\t<i aria-hidden=\"true\" class=\"fas fa-check-double\"><\/i>\t\t\t\t\t\t<\/span>\n\t\t\t\t\t\t\t\t\t\t<span class=\"elementor-icon-list-text\">Ako se dogovorimo, brzo i uspe\u0161no \u0107emo uraditi popravku zamrziva\u010da<\/span>\n\t\t\t\t\t\t\t\t\t<\/li>\n\t\t\t\t\t\t<\/ul>\n\t\t\t\t<\/div>\n\t\t\t\t<\/div>\n\t\t\t\t\t<\/div>\n\t\t<\/div>\n\t\t\t\t\t\t\t<\/div>\n\t\t<\/section>\n\t\t\t\t<section class=\"elementor-section elementor-top-section elementor-element elementor-element-b3d176b elementor-section-stretched elementor-section-boxed elementor-section-height-default elementor-section-height-default\" data-id=\"b3d176b\" data-element_type=\"section\" data-settings=\"{&quot;stretch_section&quot;:&quot;section-stretched&quot;,&quot;background_background&quot;:&quot;classic&quot;}\">\n\t\t\t\t\t\t<div class=\"elementor-container elementor-column-gap-default\">\n\t\t\t\t\t<div class=\"elementor-column elementor-col-100 elementor-top-column elementor-element elementor-element-df0f891\" data-id=\"df0f891\" data-element_type=\"column\">\n\t\t\t<div class=\"elementor-widget-wrap elementor-element-populated\">\n\t\t\t\t\t\t\t\t<div class=\"elementor-element elementor-element-eda32f0 elementor-widget elementor-widget-heading\" data-id=\"eda32f0\" data-element_type=\"widget\" data-widget_type=\"heading.default\">\n\t\t\t\t<div class=\"elementor-widget-container\">\n\t\t\t<h2 class=\"elementor-heading-title elementor-size-default\">Ispravan zamrziva\u010d \u0161tedi vreme za stalan odlazak u kupovinu, novac  i nava\u017eije zdravlje, jer uvek imamo mesta za kvaliteto meso, vo\u0107e i povr\u0107e<\/h2>\t\t<\/div>\n\t\t\t\t<\/div>\n\t\t\t\t<div class=\"elementor-element elementor-element-d6f3d16 elementor-widget elementor-widget-heading\" data-id=\"d6f3d16\" data-element_type=\"widget\" data-widget_type=\"heading.default\">\n\t\t\t\t<div class=\"elementor-widget-container\">\n\t\t\t<h3 class=\"elementor-heading-title elementor-size-default\">Ako vam se desi kvar na zamrziva\u010du, bez brige, samo nas pozovite i re\u0161avamo sve istog dana<\/h3>\t\t<\/div>\n\t\t\t\t<\/div>\n\t\t\t\t\t<\/div>\n\t\t<\/div>\n\t\t\t\t\t\t\t<\/div>\n\t\t<\/section>\n\t\t\t\t<section class=\"elementor-section elementor-top-section elementor-element elementor-element-ec4b4dc elementor-section-stretched elementor-section-boxed elementor-section-height-default elementor-section-height-default\" data-id=\"ec4b4dc\" data-element_type=\"section\" data-settings=\"{&quot;stretch_section&quot;:&quot;section-stretched&quot;,&quot;background_background&quot;:&quot;classic&quot;}\">\n\t\t\t\t\t\t<div class=\"elementor-container elementor-column-gap-default\">\n\t\t\t\t\t<div class=\"elementor-column elementor-col-100 elementor-top-column elementor-element elementor-element-6159a42\" data-id=\"6159a42\" data-element_type=\"column\">\n\t\t\t<div class=\"elementor-widget-wrap elementor-element-populated\">\n\t\t\t\t\t\t\t\t<div class=\"elementor-element elementor-element-db074ea elementor-widget elementor-widget-image\" data-id=\"db074ea\" data-element_type=\"widget\" data-widget_type=\"image.default\">\n\t\t\t\t<div class=\"elementor-widget-container\">\n\t\t\t\t\t<div class=\"elementor-image\">\n\t\t\t\t\t\t\t\t\t\t<img width=\"550\" height=\"550\" src=\"http:\/\/servisfrizidera.rs\/wp-content\/uploads\/2021\/03\/poceta-za-servis-zamrzivaca.jpg\" class=\"attachment-medium_large size-medium_large\" alt=\"\" loading=\"lazy\" srcset=\"http:\/\/servisfrizidera.rs\/wp-content\/uploads\/2021\/03\/poceta-za-servis-zamrzivaca.jpg 550w, http:\/\/servisfrizidera.rs\/wp-content\/uploads\/2021\/03\/poceta-za-servis-zamrzivaca-300x300.jpg 300w, http:\/\/servisfrizidera.rs\/wp-content\/uploads\/2021\/03\/poceta-za-servis-zamrzivaca-150x150.jpg 150w, http:\/\/servisfrizidera.rs\/wp-content\/uploads\/2021\/03\/poceta-za-servis-zamrzivaca-384x384.jpg 384w\" sizes=\"(max-width: 550px) 100vw, 550px\" \/>\t\t\t\t\t\t\t\t\t\t\t<\/div>\n\t\t\t\t<\/div>\n\t\t\t\t<\/div>\n\t\t\t\t\t<\/div>\n\t\t<\/div>\n\t\t\t\t\t\t\t<\/div>\n\t\t<\/section>\n\t\t\t\t<section class=\"elementor-section elementor-top-section elementor-element elementor-element-9cc0054 elementor-section-stretched elementor-section-boxed elementor-section-height-default elementor-section-height-default\" data-id=\"9cc0054\" data-element_type=\"section\" data-settings=\"{&quot;stretch_section&quot;:&quot;section-stretched&quot;,&quot;background_background&quot;:&quot;classic&quot;}\">\n\t\t\t\t\t\t<div class=\"elementor-container elementor-column-gap-default\">\n\t\t\t\t\t<div class=\"elementor-column elementor-col-100 elementor-top-column elementor-element elementor-element-76065c9\" data-id=\"76065c9\" data-element_type=\"column\">\n\t\t\t<div class=\"elementor-widget-wrap elementor-element-populated\">\n\t\t\t\t\t\t\t\t<div class=\"elementor-element elementor-element-7ee83a6 elementor-widget elementor-widget-heading\" data-id=\"7ee83a6\" data-element_type=\"widget\" data-widget_type=\"heading.default\">\n\t\t\t\t<div class=\"elementor-widget-container\">\n\t\t\t<h2 class=\"elementor-heading-title elementor-size-default\">Najpoznatiji svetskih brendovi koje servisiramo<\/h2>\t\t<\/div>\n\t\t\t\t<\/div>\n\t\t\t\t<div class=\"elementor-element elementor-element-6219324 elementor-widget elementor-widget-text-editor\" data-id=\"6219324\" data-element_type=\"widget\" data-widget_type=\"text-editor.default\">\n\t\t\t\t<div class=\"elementor-widget-container\">\n\t\t\t\t\t<div class=\"elementor-text-editor elementor-clearfix\"><\/div>\n\t\t\t\t<\/div>\n\t\t\t\t<\/div>\n\t\t\t\t<div class=\"elementor-element elementor-element-b017a32 elementor-widget elementor-widget-text-editor\" data-id=\"b017a32\" data-element_type=\"widget\" data-widget_type=\"text-editor.default\">\n\t\t\t\t<div class=\"elementor-widget-container\">\n\t\t\t\t\t<div class=\"elementor-text-editor elementor-clearfix\"><p>Treba da zate da vr\u0161imo servis zamrziva\u010da svih marki i modela. Nemojte da vas brine ako ne prona\u0111ete logo svog zamrziva\u010da na slikama ispod. <strong>Pozovite nas za detalje.<\/strong><\/p><\/div>\n\t\t\t\t<\/div>\n\t\t\t\t<\/div>\n\t\t\t\t\t<\/div>\n\t\t<\/div>\n\t\t\t\t\t\t\t<\/div>\n\t\t<\/section>\n\t\t\t\t<section class=\"elementor-section elementor-top-section elementor-element elementor-element-27dd4ba elementor-section-boxed elementor-section-height-default elementor-section-height-default\" data-id=\"27dd4ba\" data-element_type=\"section\">\n\t\t\t\t\t\t<div class=\"elementor-container elementor-column-gap-default\">\n\t\t\t\t\t<div class=\"elementor-column elementor-col-100 elementor-top-column elementor-element elementor-element-1005c30\" data-id=\"1005c30\" data-element_type=\"column\">\n\t\t\t<div class=\"elementor-widget-wrap elementor-element-populated\">\n\t\t\t\t\t\t\t\t<div class=\"elementor-element elementor-element-947c742 elementor-widget elementor-widget-image-gallery\" data-id=\"947c742\" data-element_type=\"widget\" data-widget_type=\"image-gallery.default\">\n\t\t\t\t<div class=\"elementor-widget-container\">\n\t\t\t\t\t<div class=\"elementor-image-gallery\">\n\t\t\t<div id='gallery-1' class='gallery galleryid-407 gallery-columns-4 gallery-size-medium'><figure class='gallery-item'>\n\t\t\t<div class='gallery-icon landscape'>\n\t\t\t\t<a data-elementor-open-lightbox=\"yes\" data-elementor-lightbox-slideshow=\"947c742\" data-elementor-lightbox-title=\"whirlpool logo\" href='http:\/\/servisfrizidera.rs\/wp-content\/uploads\/2021\/03\/whirlpool-logo.jpg'><img width=\"128\" height=\"43\" src=\"http:\/\/servisfrizidera.rs\/wp-content\/uploads\/2021\/03\/whirlpool-logo.jpg\" class=\"attachment-medium size-medium\" alt=\"\" loading=\"lazy\" \/><\/a>\n\t\t\t<\/div><\/figure><figure class='gallery-item'>\n\t\t\t<div class='gallery-icon landscape'>\n\t\t\t\t<a data-elementor-open-lightbox=\"yes\" data-elementor-lightbox-slideshow=\"947c742\" data-elementor-lightbox-title=\"Samsung_logo\" href='http:\/\/servisfrizidera.rs\/wp-content\/uploads\/2021\/03\/Samsung_logo.jpg'><img width=\"92\" height=\"50\" src=\"http:\/\/servisfrizidera.rs\/wp-content\/uploads\/2021\/03\/Samsung_logo.jpg\" class=\"attachment-medium size-medium\" alt=\"\" loading=\"lazy\" \/><\/a>\n\t\t\t<\/div><\/figure><figure class='gallery-item'>\n\t\t\t<div class='gallery-icon landscape'>\n\t\t\t\t<a data-elementor-open-lightbox=\"yes\" data-elementor-lightbox-slideshow=\"947c742\" data-elementor-lightbox-title=\"LG_Logo_Slogan_3d\" href='http:\/\/servisfrizidera.rs\/wp-content\/uploads\/2021\/03\/LG_Logo_Slogan_3d.jpg'><img width=\"300\" height=\"135\" src=\"http:\/\/servisfrizidera.rs\/wp-content\/uploads\/2021\/03\/LG_Logo_Slogan_3d-300x135.jpg\" class=\"attachment-medium size-medium\" alt=\"\" loading=\"lazy\" srcset=\"http:\/\/servisfrizidera.rs\/wp-content\/uploads\/2021\/03\/LG_Logo_Slogan_3d-300x135.jpg 300w, http:\/\/servisfrizidera.rs\/wp-content\/uploads\/2021\/03\/LG_Logo_Slogan_3d.jpg 398w\" sizes=\"(max-width: 300px) 100vw, 300px\" \/><\/a>\n\t\t\t<\/div><\/figure><figure class='gallery-item'>\n\t\t\t<div class='gallery-icon landscape'>\n\t\t\t\t<a data-elementor-open-lightbox=\"yes\" data-elementor-lightbox-slideshow=\"947c742\" data-elementor-lightbox-title=\"candy-logo\" href='http:\/\/servisfrizidera.rs\/wp-content\/uploads\/2021\/03\/candy-logo.jpg'><img width=\"115\" height=\"115\" src=\"http:\/\/servisfrizidera.rs\/wp-content\/uploads\/2021\/03\/candy-logo.jpg\" class=\"attachment-medium size-medium\" alt=\"\" loading=\"lazy\" \/><\/a>\n\t\t\t<\/div><\/figure><figure class='gallery-item'>\n\t\t\t<div class='gallery-icon landscape'>\n\t\t\t\t<a data-elementor-open-lightbox=\"yes\" data-elementor-lightbox-slideshow=\"947c742\" data-elementor-lightbox-title=\"Gorenje_logo\" href='http:\/\/servisfrizidera.rs\/wp-content\/uploads\/2021\/03\/Gorenje_logo.jpg'><img width=\"250\" height=\"75\" src=\"http:\/\/servisfrizidera.rs\/wp-content\/uploads\/2021\/03\/Gorenje_logo.jpg\" class=\"attachment-medium size-medium\" alt=\"\" loading=\"lazy\" \/><\/a>\n\t\t\t<\/div><\/figure><figure class='gallery-item'>\n\t\t\t<div class='gallery-icon landscape'>\n\t\t\t\t<a data-elementor-open-lightbox=\"yes\" data-elementor-lightbox-slideshow=\"947c742\" data-elementor-lightbox-title=\"Bosch-logo\" href='http:\/\/servisfrizidera.rs\/wp-content\/uploads\/2021\/03\/Bosch-logo.jpg'><img width=\"300\" height=\"127\" src=\"http:\/\/servisfrizidera.rs\/wp-content\/uploads\/2021\/03\/Bosch-logo-300x127.jpg\" class=\"attachment-medium size-medium\" alt=\"\" loading=\"lazy\" srcset=\"http:\/\/servisfrizidera.rs\/wp-content\/uploads\/2021\/03\/Bosch-logo-300x127.jpg 300w, http:\/\/servisfrizidera.rs\/wp-content\/uploads\/2021\/03\/Bosch-logo.jpg 500w\" sizes=\"(max-width: 300px) 100vw, 300px\" \/><\/a>\n\t\t\t<\/div><\/figure><figure class='gallery-item'>\n\t\t\t<div class='gallery-icon landscape'>\n\t\t\t\t<a data-elementor-open-lightbox=\"yes\" data-elementor-lightbox-slideshow=\"947c742\" data-elementor-lightbox-title=\"Ariston_logo\" href='http:\/\/servisfrizidera.rs\/wp-content\/uploads\/2021\/03\/Ariston_logo.jpg'><img width=\"295\" height=\"73\" src=\"http:\/\/servisfrizidera.rs\/wp-content\/uploads\/2021\/03\/Ariston_logo.jpg\" class=\"attachment-medium size-medium\" alt=\"\" loading=\"lazy\" \/><\/a>\n\t\t\t<\/div><\/figure><figure class='gallery-item'>\n\t\t\t<div class='gallery-icon landscape'>\n\t\t\t\t<a data-elementor-open-lightbox=\"yes\" data-elementor-lightbox-slideshow=\"947c742\" data-elementor-lightbox-title=\"BG_Logo Frigoglass\" href='http:\/\/servisfrizidera.rs\/wp-content\/uploads\/2021\/03\/BG_Logo-Frigoglass.jpg'><img width=\"79\" height=\"46\" src=\"http:\/\/servisfrizidera.rs\/wp-content\/uploads\/2021\/03\/BG_Logo-Frigoglass.jpg\" class=\"attachment-medium size-medium\" alt=\"\" loading=\"lazy\" \/><\/a>\n\t\t\t<\/div><\/figure><figure class='gallery-item'>\n\t\t\t<div class='gallery-icon landscape'>\n\t\t\t\t<a data-elementor-open-lightbox=\"yes\" data-elementor-lightbox-slideshow=\"947c742\" data-elementor-lightbox-title=\"beko-logo-01\" href='http:\/\/servisfrizidera.rs\/wp-content\/uploads\/2021\/03\/beko-logo-01.jpg'><img width=\"125\" height=\"94\" src=\"http:\/\/servisfrizidera.rs\/wp-content\/uploads\/2021\/03\/beko-logo-01.jpg\" class=\"attachment-medium size-medium\" alt=\"\" loading=\"lazy\" \/><\/a>\n\t\t\t<\/div><\/figure>\n\t\t<\/div>\n\t\t<\/div>\n\t\t\t\t<\/div>\n\t\t\t\t<\/div>\n\t\t\t\t\t<\/div>\n\t\t<\/div>\n\t\t\t\t\t\t\t<\/div>\n\t\t<\/section>\n\t\t\t\t\t\t<\/div>\n\t\t\t\t\t<\/div>\n\t\t","protected":false},"excerpt":{"rendered":"<p>Servis zamrziva\u010da Beograd Ako vam je potreban dobar, brz i efikasan servis zamrziva\u010da u Beogradu, pozovite nas! Servis zamrziva\u010da Servis zamrziva\u010da vr\u0161i servisiranje svih modela zamrziva\u010da -otkloi\u0107emo svaki kvar sa va\u0161eg zamrziva\u010da. Vr\u0161imo i servisiranje klima ure\u0111aja. Dolazak na adresu&hellip;<\/p>\n","protected":false},"author":2,"featured_media":0,"parent":0,"menu_order":0,"comment_status":"closed","ping_status":"closed","template":"","meta":[],"yoast_head":"<!-- This site is optimized with the Yoast SEO plugin v15.5 - https:\/\/yoast.com\/wordpress\/plugins\/seo\/ -->\n<title>Servis zamrziva\u010da Beograd - Servisiramo sve marke i modele<\/title>\n<meta name=\"description\" content=\"Ako vam je potreban dobar, brz i efikasan servis zamrziva\u010da u Beogradu, pozovite nas! Dolazak na adresu za sat vremena.\" \/>\n<meta name=\"robots\" content=\"index, follow, max-snippet:-1, max-image-preview:large, max-video-preview:-1\" \/>\n<link rel=\"canonical\" href=\"https:\/\/servisfrizidera.rs\/?page_id=407\" \/>\n<meta property=\"og:locale\" content=\"en_US\" \/>\n<meta property=\"og:type\" content=\"article\" \/>\n<meta property=\"og:title\" content=\"Servis zamrziva\u010da Beograd - Servisiramo sve marke i modele\" \/>\n<meta property=\"og:description\" content=\"Ako vam je potreban dobar, brz i efikasan servis zamrziva\u010da u Beogradu, pozovite nas! Dolazak na adresu za sat vremena.\" \/>\n<meta property=\"og:url\" content=\"https:\/\/servisfrizidera.rs\/?page_id=407\" \/>\n<meta property=\"article:modified_time\" content=\"2021-03-12T14:33:46+00:00\" \/>\n<meta property=\"og:image\" content=\"http:\/\/servisfrizidera.rs\/wp-content\/uploads\/2021\/03\/poceta-za-servis-zamrzivaca.jpg\" \/>\n<meta name=\"twitter:card\" content=\"summary_large_image\" \/>\n<meta name=\"twitter:label1\" content=\"Est. reading time\">\n\t<meta name=\"twitter:data1\" content=\"1 minute\">\n<script type=\"application\/ld+json\" class=\"yoast-schema-graph\">{\"@context\":\"https:\/\/schema.org\",\"@graph\":[{\"@type\":\"WebSite\",\"@id\":\"https:\/\/servisfrizidera.rs\/#website\",\"url\":\"https:\/\/servisfrizidera.rs\/\",\"name\":\"Servis fri\\u017eidera, zamrziva\\u010da i rashladnih vitrina\",\"description\":\"\",\"potentialAction\":[{\"@type\":\"SearchAction\",\"target\":\"https:\/\/servisfrizidera.rs\/?s={search_term_string}\",\"query-input\":\"required name=search_term_string\"}],\"inLanguage\":\"en-US\"},{\"@type\":\"ImageObject\",\"@id\":\"https:\/\/servisfrizidera.rs\/?page_id=407#primaryimage\",\"inLanguage\":\"en-US\",\"url\":\"http:\/\/servisfrizidera.rs\/wp-content\/uploads\/2021\/03\/poceta-za-servis-zamrzivaca.jpg\",\"width\":550,\"height\":550},{\"@type\":\"WebPage\",\"@id\":\"https:\/\/servisfrizidera.rs\/?page_id=407#webpage\",\"url\":\"https:\/\/servisfrizidera.rs\/?page_id=407\",\"name\":\"Servis zamrziva\\u010da Beograd - Servisiramo sve marke i modele\",\"isPartOf\":{\"@id\":\"https:\/\/servisfrizidera.rs\/#website\"},\"primaryImageOfPage\":{\"@id\":\"https:\/\/servisfrizidera.rs\/?page_id=407#primaryimage\"},\"datePublished\":\"2021-03-12T10:11:13+00:00\",\"dateModified\":\"2021-03-12T14:33:46+00:00\",\"description\":\"Ako vam je potreban dobar, brz i efikasan servis zamrziva\\u010da u Beogradu, pozovite nas! Dolazak na adresu za sat vremena.\",\"inLanguage\":\"en-US\",\"potentialAction\":[{\"@type\":\"ReadAction\",\"target\":[\"https:\/\/servisfrizidera.rs\/?page_id=407\"]}]}]}<\/script>\n<!-- \/ Yoast SEO plugin. -->","_links":{"self":[{"href":"http:\/\/servisfrizidera.rs\/index.php?rest_route=\/wp\/v2\/pages\/407"}],"collection":[{"href":"http:\/\/servisfrizidera.rs\/index.php?rest_route=\/wp\/v2\/pages"}],"about":[{"href":"http:\/\/servisfrizidera.rs\/index.php?rest_route=\/wp\/v2\/types\/page"}],"author":[{"embeddable":true,"href":"http:\/\/servisfrizidera.rs\/index.php?rest_route=\/wp\/v2\/users\/2"}],"replies":[{"embeddable":true,"href":"http:\/\/servisfrizidera.rs\/index.php?rest_route=%2Fwp%2Fv2%2Fcomments&post=407"}],"version-history":[{"count":50,"href":"http:\/\/servisfrizidera.rs\/index.php?rest_route=\/wp\/v2\/pages\/407\/revisions"}],"predecessor-version":[{"id":548,"href":"http:\/\/servisfrizidera.rs\/index.php?rest_route=\/wp\/v2\/pages\/407\/revisions\/548"}],"wp:attachment":[{"href":"http:\/\/servisfrizidera.rs\/index.php?rest_route=%2Fwp%2Fv2%2Fmedia&parent=407"}],"curies":[{"name":"wp","href":"https:\/\/api.w.org\/{rel}","templated":true}]}}